{"id":3,"date":"2024-01-30T01:32:38","date_gmt":"2024-01-30T01:32:38","guid":{"rendered":"https:\/\/albar.mx\/?page_id=3"},"modified":"2024-06-27T23:18:54","modified_gmt":"2024-06-27T23:18:54","slug":"aviso-privacidad","status":"publish","type":"page","link":"https:\/\/albar.mx\/index.php\/aviso-privacidad\/","title":{"rendered":"Aviso de Privacidad"},"content":{"rendered":"\t\t<div data-elementor-type=\"wp-page\" data-elementor-id=\"3\" class=\"elementor elementor-3\" data-elementor-post-type=\"page\">\n\t\t\t\t<div class=\"elementor-element elementor-element-3b316891 e-flex e-con-boxed wpr-particle-no wpr-jarallax-no wpr-parallax-no wpr-sticky-section-no wpr-equal-height-no e-con e-parent\" data-id=\"3b316891\" data-element_type=\"container\" data-e-type=\"container\">\n\t\t\t\t\t<div class=\"e-con-inner\">\n\t\t\t\t<div class=\"elementor-element elementor-element-21a74c1b elementor-widget elementor-widget-text-editor\" data-id=\"21a74c1b\" data-element_type=\"widget\" data-e-type=\"widget\" data-widget_type=\"text-editor.default\">\n\t\t\t\t<div class=\"elementor-widget-container\">\n\t\t\t\t\t\t\t\t\t\n<p><strong>Aviso de Privacidad y Uso de Datos<\/strong><\/p>\n<p><strong>Responsable de la protecci\u00f3n de tus datos personales<\/strong>: \u00c1lbar, con domicilio en Manzana 001, 52989 Cdad. L\u00f3pez Mateos, M\u00e9x.\u00a0es responsable del tratamiento de tus datos personales.<\/p>\n<p><strong>Finalidad del tratamiento de datos personales<\/strong>: Los datos personales que recabamos de ti ser\u00e1n utilizados para las siguientes finalidades:<\/p>\n<ol>\n<li>Proveer los servicios y productos que has solicitado.<\/li>\n<li>Informarte sobre cambios en nuestros productos o servicios.<\/li>\n<li>Realizar estudios internos sobre h\u00e1bitos de consumo y preferencias.<\/li>\n<li>Cumplir con obligaciones legales.<\/li>\n<\/ol>\n<p><strong>Datos personales recabados<\/strong>: Para llevar a cabo las finalidades descritas anteriormente, podr\u00edamos recabar los siguientes datos personales:<\/p>\n<ol>\n<li>Datos de identificaci\u00f3n: nombre completo, direcci\u00f3n, fecha de nacimiento, n\u00famero de tel\u00e9fono, correo electr\u00f3nico, etc.<\/li>\n<li>Datos financieros: informaci\u00f3n de tarjetas de cr\u00e9dito o d\u00e9bito, historial crediticio, etc.<\/li>\n<li>Datos laborales: ocupaci\u00f3n, cargo, lugar de trabajo, etc.<\/li>\n<li>Datos de contacto: direcci\u00f3n postal, n\u00famero telef\u00f3nico, direcci\u00f3n de correo electr\u00f3nico, etc.<\/li>\n<li>Datos de navegaci\u00f3n: informaci\u00f3n sobre c\u00f3mo interact\u00faas con nuestro sitio web o aplicaciones.<\/li>\n<\/ol>\n<p><strong>Transferencia de datos personales<\/strong>: Tus datos personales podr\u00e1n ser transferidos y tratados por personas distintas a \u00c1lbar, como empresas afiliadas, proveedores de servicios, entre otros, para cumplir con las finalidades descritas en este aviso de privacidad.<\/p>\n<p><strong>Derechos ARCO<\/strong>: Tienes derecho a acceder, rectificar, cancelar u oponerte al tratamiento de tus datos personales, as\u00ed como a revocar el consentimiento que nos has otorgado para el tratamiento de los mismos, a trav\u00e9s de los procedimientos que hemos implementado. Para ello, puedes contactarnos a trav\u00e9s de los siguientes medios: contacto@albar.mx.<\/p>\n<p><strong>Cambios al aviso de privacidad<\/strong>: Nos reservamos el derecho de efectuar en cualquier momento modificaciones o actualizaciones al presente aviso de privacidad, para la atenci\u00f3n de novedades legislativas, pol\u00edticas internas o nuevos requerimientos para la prestaci\u00f3n u ofrecimiento de nuestros servicios o productos. Dichas modificaciones estar\u00e1n disponibles al p\u00fablico a trav\u00e9s de nuestro sitio web [URL del sitio web de \u00c1lbar].<\/p>\n<p><strong>Consentimiento<\/strong>: Al proporcionar tus datos personales a \u00c1lbar, manifiestas estar de acuerdo con el tratamiento de los mismos conforme a lo establecido en este aviso de privacidad.<\/p>\n<p>Fecha de \u00faltima actualizaci\u00f3n: 21 Febrero 2024.<\/p>\n<p>Te recomendamos revisar peri\u00f3dicamente este aviso de privacidad para estar al tanto de cualquier cambio o actualizaci\u00f3n que se realice.<\/p>\n<p>\u00a0<\/p>\n\t\t\t\t\t\t\t\t<\/div>\n\t\t\t\t<\/div>\n\t\t\t\t\t<\/div>\n\t\t\t\t<\/div>\n\t\t\t\t<\/div>\n\t\t","protected":false},"excerpt":{"rendered":"<p>Aviso de Privacidad y Uso de Datos Responsable de la protecci\u00f3n de tus datos personales: \u00c1lbar, con domicilio en Manzana 001, 52989 Cdad. L\u00f3pez Mateos, M\u00e9x.\u00a0es responsable del tratamiento de tus datos personales. Finalidad del tratamiento de datos personales: Los datos personales que recabamos de ti ser\u00e1n utilizados para las siguientes finalidades: Proveer los servicios y productos que has solicitado. Informarte sobre cambios en nuestros productos o servicios. Realizar estudios internos sobre h\u00e1bitos de consumo y preferencias. Cumplir con obligaciones legales. Datos personales recabados: Para llevar a cabo las finalidades descritas anteriormente, podr\u00edamos recabar los siguientes datos personales: Datos de identificaci\u00f3n: nombre completo, direcci\u00f3n, fecha de nacimiento, n\u00famero de tel\u00e9fono, correo electr\u00f3nico, etc. Datos financieros: informaci\u00f3n de tarjetas de cr\u00e9dito o d\u00e9bito, historial crediticio, etc. Datos laborales: ocupaci\u00f3n, cargo, lugar de trabajo, etc. Datos de contacto: direcci\u00f3n postal, n\u00famero telef\u00f3nico, direcci\u00f3n de correo electr\u00f3nico, etc. Datos de navegaci\u00f3n: informaci\u00f3n sobre c\u00f3mo interact\u00faas con nuestro sitio web o aplicaciones. Transferencia de datos personales: Tus datos personales podr\u00e1n ser transferidos y tratados por personas distintas a \u00c1lbar, como empresas afiliadas, proveedores de servicios, entre otros, para cumplir con las finalidades descritas en este aviso de privacidad. Derechos ARCO: Tienes derecho a acceder, rectificar, cancelar u oponerte al tratamiento de tus datos personales, as\u00ed como a revocar el consentimiento que nos has otorgado para el tratamiento de los mismos, a trav\u00e9s de los procedimientos que hemos implementado. Para ello, puedes contactarnos a trav\u00e9s de los siguientes medios: contacto@albar.mx. Cambios al aviso de privacidad: Nos reservamos el derecho de efectuar en cualquier momento modificaciones o actualizaciones al presente aviso de privacidad, para la atenci\u00f3n de novedades legislativas, pol\u00edticas internas o nuevos requerimientos para la prestaci\u00f3n u ofrecimiento de nuestros servicios o productos. Dichas modificaciones estar\u00e1n disponibles al p\u00fablico a trav\u00e9s de nuestro sitio web [URL del sitio web de \u00c1lbar]. Consentimiento: Al proporcionar tus datos personales a \u00c1lbar, manifiestas estar de acuerdo con el tratamiento de los mismos conforme a lo establecido en este aviso de privacidad. Fecha de \u00faltima actualizaci\u00f3n: 21 Febrero 2024. Te recomendamos revisar peri\u00f3dicamente este aviso de privacidad para estar al tanto de cualquier cambio o actualizaci\u00f3n que se realice. \u00a0<\/p>\n","protected":false},"author":2,"featured_media":0,"parent":0,"menu_order":0,"comment_status":"closed","ping_status":"closed","template":"","meta":{"footnotes":""},"class_list":["post-3","page","type-page","status-publish","hentry"],"_links":{"self":[{"href":"https:\/\/albar.mx\/index.php\/wp-json\/wp\/v2\/pages\/3","targetHints":{"allow":["GET"]}}],"collection":[{"href":"https:\/\/albar.mx\/index.php\/wp-json\/wp\/v2\/pages"}],"about":[{"href":"https:\/\/albar.mx\/index.php\/wp-json\/wp\/v2\/types\/page"}],"author":[{"embeddable":true,"href":"https:\/\/albar.mx\/index.php\/wp-json\/wp\/v2\/users\/2"}],"replies":[{"embeddable":true,"href":"https:\/\/albar.mx\/index.php\/wp-json\/wp\/v2\/comments?post=3"}],"version-history":[{"count":11,"href":"https:\/\/albar.mx\/index.php\/wp-json\/wp\/v2\/pages\/3\/revisions"}],"predecessor-version":[{"id":2011,"href":"https:\/\/albar.mx\/index.php\/wp-json\/wp\/v2\/pages\/3\/revisions\/2011"}],"wp:attachment":[{"href":"https:\/\/albar.mx\/index.php\/wp-json\/wp\/v2\/media?parent=3"}],"curies":[{"name":"wp","href":"https:\/\/api.w.org\/{rel}","templated":true}]}}